{"id":583,"date":"2017-06-27T01:50:06","date_gmt":"2017-06-27T01:50:06","guid":{"rendered":"http:\/\/demo.arrowpress.net\/modus-sample\/?page_id=583"},"modified":"2021-09-21T17:39:25","modified_gmt":"2021-09-21T15:39:25","slug":"furniture-4","status":"publish","type":"page","link":"https:\/\/arvalsystem.com\/","title":{"rendered":"Inicio"},"content":{"rendered":"<div class=\"wpb-content-wrapper\"><p>[vc_row full_width=\u00bbstretch_row_content_no_spaces\u00bb][vc_column][vc_single_image image=\u00bb4450&#8243; img_size=\u00bbfull\u00bb alignment=\u00bbcenter\u00bb][\/vc_column][\/vc_row][vc_row][vc_column][vc_cta h2=\u00bb\u00bb txt_align=\u00bbcenter\u00bb style=\u00bbcustom\u00bb css=\u00bb.vc_custom_1624375020146{margin-top: 30px !important;}\u00bb custom_background=\u00bb#ddac61&#8243; custom_text=\u00bb#ffffff\u00bb]<\/p>\n<h5 style=\"text-align: center;\"><span style=\"color: #ffffff;\">Tenemos distribuidores por toda Espa\u00f1a, si quieres saber quien es tu distribuidor, env\u00edanos un email a arvalcb@arvalcb.com indic\u00e1ndonos tu c\u00f3digo postal y te informaremos del distribuidor mas cercano a tu domicilio.<\/span><\/h5>\n<p>[\/vc_cta][\/vc_column][\/vc_row][vc_row full_width=\u00bbstretch_row_content_no_spaces\u00bb][vc_column offset=\u00bbvc_col-lg-6 vc_col-md-6&#8243;]    <div class=\"modus-box banner-decor-right \">\r\n        <div class=\"layout1 style4\">\r\n                                <div class=\"box-image sfc wow fadeInUp\" data-wow-duration=\"300ms\" data-wow-delay=\"100ms\">\r\n                        <img decoding=\"async\" alt=\"icon\" src=\"https:\/\/arvalsystem.com\/wp-content\/uploads\/2020\/11\/almohada_modular_compra.jpg\">\r\n                    <\/div>\r\n                                        <div class=\"box-content\">\r\n                        <div class=\"title-box sfc wow fadeInUp\" data-wow-duration=\"400ms\" data-wow-delay=\"100ms\">\r\n                            <h4 class=\"boxsub-title\"><strong>LA MEJOR ALMOHADA DEL MUNDO<\/strong><\/h4>                            <h3 class=\"box-title\"><strong><em>MODULAR<\/em><\/strong> y <strong><em>MULTITALLA<\/em><\/strong><\/h3> \r\n                        <\/div>\r\n                                                                    <\/div>\r\n                \t\t\t\r\n\t\t<\/div>\r\n    <\/div>\r\n    [\/vc_column][vc_column offset=\u00bbvc_col-lg-6 vc_col-md-6&#8243;][vc_video link=\u00bbhttps:\/\/youtu.be\/uu5bfVjMr00&#8243; el_width=\u00bb70&#8243; el_aspect=\u00bb43&#8243; align=\u00bbcenter\u00bb][\/vc_column][\/vc_row][vc_row][vc_column][vc_empty_space height=\u00bb50px\u00bb]    <div class=\"modus-testi padding-top-10 padding-bottom-10\">\r\n        <div class=\"sfc wow fadeInUp\" data-wow-duration=\"300ms\" data-wow-delay=\"100ms\">\r\n                                        <div class=\"slide-testimonial initSlide_product layout4\" data-columns=\"1\">\r\n                    <div class=\"beans-stepslider\" data-rotate=\"true\">\r\n                        <div class=\"beans-mask\">\r\n                            <div class=\"beans-slideset\">\r\n                                                                        <div class=\"beans-slide\">\r\n                                                                                            <img loading=\"lazy\" decoding=\"async\" width=\"105\" height=\"105\" src=\"https:\/\/arvalsystem.com\/wp-content\/uploads\/2020\/11\/mayo_jesus.jpg\" class=\"attachment-full size-full wp-post-image\" alt=\"\" srcset=\"https:\/\/arvalsystem.com\/wp-content\/uploads\/2020\/11\/mayo_jesus.jpg 105w, https:\/\/arvalsystem.com\/wp-content\/uploads\/2020\/11\/mayo_jesus-100x100.jpg 100w, https:\/\/arvalsystem.com\/wp-content\/uploads\/2020\/11\/mayo_jesus-80x80.jpg 80w, https:\/\/arvalsystem.com\/wp-content\/uploads\/2020\/11\/mayo_jesus-70x70.jpg 70w\" sizes=\"(max-width: 105px) 100vw, 105px\" \/>                                                                                        <div class=\"txt\">\r\n                                                <p>Yo tengo problemas de cuello y desde que tengo la almohada me siento fenomenal a la ma\u00f1ana siguiente, el dolor a ha desaparecido. Sin ninguna duda la mejor almohada que he tenido, de hecho, tras probarla me compr\u00e9 el colch\u00f3n de la misma marca y tambi\u00e9n incre\u00edble. Supercontento con todo. Enhorabuena!!! Ten\u00e9is unos productos incre\u00edbles.<\/p>\n                                            <\/div>\r\n                                            <div class=\"testiImg\">\r\n                                                <div class=\"info\">\r\n                                                    <h3>Jes\u00fas Mayo<\/h3>\r\n                                                    <span> - <strong>Opini\u00f3n en Instagram<\/strong><\/span>                                                 <\/div>\r\n                                            <\/div>\r\n                                        <\/div>\r\n                                                                                <div class=\"beans-slide\">\r\n                                                                                            <img loading=\"lazy\" decoding=\"async\" width=\"105\" height=\"105\" src=\"https:\/\/arvalsystem.com\/wp-content\/uploads\/2017\/06\/paul_wilson.jpg\" class=\"attachment-full size-full wp-post-image\" alt=\"\" srcset=\"https:\/\/arvalsystem.com\/wp-content\/uploads\/2017\/06\/paul_wilson.jpg 105w, https:\/\/arvalsystem.com\/wp-content\/uploads\/2017\/06\/paul_wilson-100x100.jpg 100w, https:\/\/arvalsystem.com\/wp-content\/uploads\/2017\/06\/paul_wilson-80x80.jpg 80w, https:\/\/arvalsystem.com\/wp-content\/uploads\/2017\/06\/paul_wilson-70x70.jpg 70w\" sizes=\"(max-width: 105px) 100vw, 105px\" \/>                                                                                        <div class=\"txt\">\r\n                                                <p>El deporte de vela, por su naturaleza, somete al cuello y las cervicales a posiciones extremas durante largas horas, lo que puede causar patolog\u00edas en esa zona. El tipo de material y el contorno de la almohada Arval System <sup>\u00ae<\/sup>sostienen la cabeza y el cuello de manera que ha supuesto una gran ayuda para nuestros regatistas.<\/p>\n                                            <\/div>\r\n                                            <div class=\"testiImg\">\r\n                                                <div class=\"info\">\r\n                                                    <h3>Paul Wilson<\/h3>\r\n                                                    <span> - <strong>Fisoterapeuta<\/strong> -  Emirates Team New Zealand<\/span>                                                 <\/div>\r\n                                            <\/div>\r\n                                        <\/div>\r\n                                                                                <div class=\"beans-slide\">\r\n                                                                                            <img loading=\"lazy\" decoding=\"async\" width=\"105\" height=\"105\" src=\"https:\/\/arvalsystem.com\/wp-content\/uploads\/2017\/04\/ander_gabika.jpg\" class=\"attachment-full size-full wp-post-image\" alt=\"\" srcset=\"https:\/\/arvalsystem.com\/wp-content\/uploads\/2017\/04\/ander_gabika.jpg 105w, https:\/\/arvalsystem.com\/wp-content\/uploads\/2017\/04\/ander_gabika-100x100.jpg 100w, https:\/\/arvalsystem.com\/wp-content\/uploads\/2017\/04\/ander_gabika-80x80.jpg 80w, https:\/\/arvalsystem.com\/wp-content\/uploads\/2017\/04\/ander_gabika-70x70.jpg 70w\" sizes=\"(max-width: 105px) 100vw, 105px\" \/>                                                                                        <div class=\"txt\">\r\n                                                <p>Me la recomend\u00f3 un amigo oste\u00f3pata, tengo problemas de cervicales desde hace mucho tiempo y no descanso bien por ese motivo. Desde que uso esta almohada duermo mucho mejor, he acertado con la altura y adem\u00e1s, siguiendo la recomendaci\u00f3n de mi amigo, utilizo 2 almohadas de 35 cm en vez de una de 70 cm, por lo que al dormir en el medio de las 2, la presi\u00f3n en la cabeza y cuello es mucho menor. Buena compra a todos los niveles!!!<\/p>\n                                            <\/div>\r\n                                            <div class=\"testiImg\">\r\n                                                <div class=\"info\">\r\n                                                    <h3>Ander Gabika<\/h3>\r\n                                                    <span> - <strong>Comprador acreditado<\/strong><\/span>                                                 <\/div>\r\n                                            <\/div>\r\n                                        <\/div>\r\n                                                                    <\/div>\r\n                        <\/div>\r\n                                                    <a class=\"btn-prev\" href=\"#\"><i class=\"fa fa-angle-left\"><\/i><\/a>\r\n                            <a class=\"btn-next\" href=\"#\"><i class=\"fa fa-angle-right\"><\/i><\/a>\r\n                                            <\/div>\r\n                <\/div>\r\n                \r\n                \r\n                    <\/div>\r\n    <\/div>\r\n    [\/vc_column][\/vc_row]<\/p>\n<\/div>","protected":false},"excerpt":{"rendered":"<p>[vc_row full_width=\u00bbstretch_row_content_no_spaces\u00bb][vc_column][vc_single_image image=\u00bb4450&#8243; img_size=\u00bbfull\u00bb alignment=\u00bbcenter\u00bb][\/vc_column][\/vc_row][vc_row][vc_column][vc_cta h2=\u00bb\u00bb txt_align=\u00bbcenter\u00bb style=\u00bbcustom\u00bb css=\u00bb.vc_custom_1624375020146{margin-top: 30px !important;}\u00bb custom_background=\u00bb#ddac61&#8243; custom_text=\u00bb#ffffff\u00bb] Tenemos distribuidores por toda Espa\u00f1a, si quieres saber quien [&hellip;]<\/p>\n","protected":false},"author":1,"featured_media":0,"parent":0,"menu_order":0,"comment_status":"closed","ping_status":"closed","template":"","meta":{"footnotes":""},"_links":{"self":[{"href":"https:\/\/arvalsystem.com\/index.php?rest_route=\/wp\/v2\/pages\/583"}],"collection":[{"href":"https:\/\/arvalsystem.com\/index.php?rest_route=\/wp\/v2\/pages"}],"about":[{"href":"https:\/\/arvalsystem.com\/index.php?rest_route=\/wp\/v2\/types\/page"}],"author":[{"embeddable":true,"href":"https:\/\/arvalsystem.com\/index.php?rest_route=\/wp\/v2\/users\/1"}],"replies":[{"embeddable":true,"href":"https:\/\/arvalsystem.com\/index.php?rest_route=%2Fwp%2Fv2%2Fcomments&post=583"}],"version-history":[{"count":186,"href":"https:\/\/arvalsystem.com\/index.php?rest_route=\/wp\/v2\/pages\/583\/revisions"}],"predecessor-version":[{"id":4481,"href":"https:\/\/arvalsystem.com\/index.php?rest_route=\/wp\/v2\/pages\/583\/revisions\/4481"}],"wp:attachment":[{"href":"https:\/\/arvalsystem.com\/index.php?rest_route=%2Fwp%2Fv2%2Fmedia&parent=583"}],"curies":[{"name":"wp","href":"https:\/\/api.w.org\/{rel}","templated":true}]}}