{"id":22,"date":"2017-04-18T03:08:03","date_gmt":"2017-04-18T03:08:03","guid":{"rendered":"http:\/\/demo.arrowpress.net\/modus-sample\/?page_id=22"},"modified":"2020-04-18T11:59:14","modified_gmt":"2020-04-18T09:59:14","slug":"arval-system","status":"publish","type":"page","link":"https:\/\/arvalsystem.com\/?page_id=22","title":{"rendered":"Arval System<sup>\u00a9<\/sup>"},"content":{"rendered":"<div class=\"wpb-content-wrapper\"><p>[vc_row el_class=\u00bbpadding-bottom-60&#8243;][vc_column width=\u00bb1\/2&#8243;][vc_single_image image=\u00bb320&#8243; img_size=\u00bbfull\u00bb style=\u00bbvc_box_shadow_3d\u00bb css_animation=\u00bbbounceInRight\u00bb css=\u00bb.vc_custom_1554314057318{margin-bottom: 0px !important;}\u00bb][\/vc_column][vc_column width=\u00bb1\/2&#8243;]\r\n    <div class=\"modus-headingtitle  default xs sfc wow fadeInUp\" data-wow-duration=\"300ms\" data-wow-delay=\"100ms\">\r\n        <div class=\"shortcode-title wpb_bottom-to-top text-left\">\r\n                                                                                <div class=\"txt-heading\">\r\n                        <h2><strong><span style=\"color: #dd9933;\">\u00bfQuienes somos?<\/span><\/strong><\/h2>\n                    <\/div>\r\n                                        <\/div>\r\n    <\/div>\r\n    [vc_column_text css=\u00bb.vc_custom_1587203949956{margin-bottom: 20px !important;}\u00bb]Esta andadura comienza a principios de los a\u00f1os 70, cuando todav\u00eda no se reparaba en la enorme importancia de un <strong>buen descanso<\/strong> y de la necesidad de los humanos de utilizar medios que ayuden a conseguir un descanso reparador.<\/p>\n<p><strong>Arval, C.B.<\/strong>, una empresa t\u00e9cnico comercial, con <strong>D. Arturo Valero Pav\u00eda<\/strong> al frente, presenta por primera vez en el Registro de la Propiedad Industrial de entonces, una solicitud de \u00abModelo de Utilidad\u00bb por la \u00ab<strong>Almohada Anat\u00f3mica Perfeccionada<\/strong>\u00bb o como despu\u00e9s se la ha conocido a nivel mundial, la \u00ab<strong>Almohada Cervical<\/strong>\u00ab, la almohada que m\u00e1s se ha comercializado en todo el mundo desde que D. Arturo la presentase.<\/p>\n<p>A\u00f1os despu\u00e9s y tras a\u00f1os de <strong>I+D+i<\/strong>, la firma Arval consigue la \u00fanica almohada del mundo con una <strong>Medalla de Oro<\/strong> como <strong>reconocimiento internacional<\/strong> a un invento que ha revolucionado el sector descanso.[\/vc_column_text][\/vc_column][\/vc_row]<\/p>\n<\/div>","protected":false},"excerpt":{"rendered":"<p>[vc_row el_class=\u00bbpadding-bottom-60&#8243;][vc_column width=\u00bb1\/2&#8243;][vc_single_image image=\u00bb320&#8243; img_size=\u00bbfull\u00bb style=\u00bbvc_box_shadow_3d\u00bb css_animation=\u00bbbounceInRight\u00bb css=\u00bb.vc_custom_1554314057318{margin-bottom: 0px !important;}\u00bb][\/vc_column][vc_column width=\u00bb1\/2&#8243;][vc_column_text css=\u00bb.vc_custom_1587203949956{margin-bottom: 20px !important;}\u00bb]Esta andadura comienza a principios de los a\u00f1os 70, [&hellip;]<\/p>\n","protected":false},"author":1,"featured_media":0,"parent":0,"menu_order":0,"comment_status":"closed","ping_status":"closed","template":"","meta":{"footnotes":""},"_links":{"self":[{"href":"https:\/\/arvalsystem.com\/index.php?rest_route=\/wp\/v2\/pages\/22"}],"collection":[{"href":"https:\/\/arvalsystem.com\/index.php?rest_route=\/wp\/v2\/pages"}],"about":[{"href":"https:\/\/arvalsystem.com\/index.php?rest_route=\/wp\/v2\/types\/page"}],"author":[{"embeddable":true,"href":"https:\/\/arvalsystem.com\/index.php?rest_route=\/wp\/v2\/users\/1"}],"replies":[{"embeddable":true,"href":"https:\/\/arvalsystem.com\/index.php?rest_route=%2Fwp%2Fv2%2Fcomments&post=22"}],"version-history":[{"count":34,"href":"https:\/\/arvalsystem.com\/index.php?rest_route=\/wp\/v2\/pages\/22\/revisions"}],"predecessor-version":[{"id":4355,"href":"https:\/\/arvalsystem.com\/index.php?rest_route=\/wp\/v2\/pages\/22\/revisions\/4355"}],"wp:attachment":[{"href":"https:\/\/arvalsystem.com\/index.php?rest_route=%2Fwp%2Fv2%2Fmedia&parent=22"}],"curies":[{"name":"wp","href":"https:\/\/api.w.org\/{rel}","templated":true}]}}